{"id":2771,"date":"2020-05-27T15:11:01","date_gmt":"2020-05-27T15:11:01","guid":{"rendered":"https:\/\/ramse.es\/wordpress\/?page_id=2771"},"modified":"2025-03-12T15:11:21","modified_gmt":"2025-03-12T13:11:21","slug":"proximas-actividades","status":"publish","type":"page","link":"https:\/\/ramse.es\/wordpress\/proximas-actividades\/","title":{"rendered":"Pr\u00f3ximas Actividades"},"content":{"rendered":"<p><div class=\"fusion-fullwidth fullwidth-box fusion-builder-row-1 hundred-percent-fullwidth non-hundred-percent-height-scrolling\" style=\"background-color: #ffffff;background-position: left top;background-repeat: no-repeat;padding-top:20px;padding-right:0px;padding-bottom:0px;padding-left:0px;margin-bottom: 0px;margin-top: 0px;border-width: 0px 0px 0px 0px;border-color:#e7e4e2;border-style:solid;\" ><div class=\"fusion-builder-row fusion-row\"><div class=\"fusion-layout-column fusion_builder_column fusion-builder-column-0 fusion_builder_column_1_1 1_1 fusion-one-full fusion-column-first fusion-column-last fusion-column-no-min-height\" style=\"margin-top:0px;margin-bottom:-10px;\"><div class=\"fusion-column-wrapper fusion-flex-column-wrapper-legacy\" style=\"background-position:left top;background-repeat:no-repeat;-webkit-background-size:cover;-moz-background-size:cover;-o-background-size:cover;background-size:cover;padding: 0px 0px 0px 0px;\"><div class=\"fusion-sep-clear\"><\/div><div class=\"fusion-separator\" style=\"margin-left: auto;margin-right: auto;width:100%;max-width:20px;\"><\/div><div class=\"fusion-sep-clear\"><\/div><div class=\"fusion-clearfix\"><\/div><\/div><\/div><\/div><\/div><div class=\"fusion-fullwidth fullwidth-box fusion-builder-row-2 nonhundred-percent-fullwidth non-hundred-percent-height-scrolling\" style=\"background-color: #faf9f8;background-position: left top;background-repeat: no-repeat;padding-top:90px;padding-right:0px;padding-bottom:4%;padding-left:0px;margin-bottom: 0px;margin-top: 0px;border-width: 0px 0px 0px 0px;border-color:#e7e4e2;border-style:solid;\" ><div class=\"fusion-builder-row fusion-row\"><div class=\"fusion-layout-column fusion_builder_column fusion-builder-column-1 fusion_builder_column_1_6 1_6 fusion-one-sixth fusion-column-first\" style=\"width:16.666666666667%;width:calc(16.666666666667% - ( ( 4% + 4% ) * 0.16666666666667 ) );margin-right: 4%;margin-top:10px;margin-bottom:10px;\"><div class=\"fusion-column-wrapper fusion-flex-column-wrapper-legacy\" style=\"background-position:left top;background-repeat:no-repeat;-webkit-background-size:cover;-moz-background-size:cover;-o-background-size:cover;background-size:cover;padding: 0px 0px 0px 0px;\"><div class=\"fusion-clearfix\"><\/div><\/div><\/div><div class=\"fusion-layout-column fusion_builder_column fusion-builder-column-2 fusion_builder_column_2_3 2_3 fusion-two-third\" style=\"width:66.666666666667%;width:calc(66.666666666667% - ( ( 4% + 4% ) * 0.66666666666667 ) );margin-right: 4%;margin-top:10px;margin-bottom:10px;\"><div class=\"fusion-column-wrapper fusion-flex-column-wrapper-legacy\" style=\"background-position:left top;background-repeat:no-repeat;-webkit-background-size:cover;-moz-background-size:cover;-o-background-size:cover;background-size:cover;padding: 0px 0px 0px 0px;\"><div class=\"fusion-text fusion-text-1\"><h3 style=\"text-align: center;\"><strong>Pr\u00f3ximas actividades de la RAMSE<\/strong><\/h3>\n<\/div><div class=\"fusion-widget-area fusion-widget-area-1 fusion-content-widget-area\"><style type=\"text\/css\">.fusion-widget-area-1 {padding:0px 0px 0px 0px;}.fusion-widget-area-1 .widget h4 {color:#333c4e;}.fusion-widget-area-1 .widget .heading h4 {color:#333c4e;}.fusion-widget-area-1 .widget h4 {font-size:18px;}.fusion-widget-area-1 .widget .heading h4 {font-size:18px;}<\/style><div id=\"mec_mec_widget-3\" class=\"widget widget_mec_mec_widget\" style=\"border-style: solid;border-color:transparent;border-width:0px;\"><div id=\"mec_skin_591\" class=\"mec-wrap  mec-widget  \">\r\n\r\n    \r\n    <div class=\"mec-calendar mec-box-calendar mec-event-calendar-classic mec-event-container-classic\">\r\n                <div class=\"mec-calendar-side mec-clear\">\r\n                        <div class=\"mec-skin-monthly-view-month-navigator-container\">\r\n                <div class=\"mec-month-navigator\" id=\"mec_month_navigator_591_202604\"><div class=\"mec-previous-month mec-load-month mec-previous-month\" data-mec-year=\"2026\" data-mec-month=\"03\"><a href=\"#\" class=\"mec-load-month-link\"><i class=\"mec-sl-angle-left\"><\/i> marzo<\/a><\/div><div class=\"mec-calendar-header\"><h2>abril 2026<\/h2><\/div><div class=\"mec-next-month mec-load-month mec-next-month\" data-mec-year=\"2026\" data-mec-month=\"05\"><a href=\"#\" class=\"mec-load-month-link\">mayo <i class=\"mec-sl-angle-right\"><\/i><\/a><\/div><\/div>\r\n            <\/div>\r\n            \r\n            <div class=\"mec-calendar-table\" id=\"mec_skin_events_591\">\r\n                <div class=\"mec-month-container mec-month-container-selected\" id=\"mec_monthly_view_month_591_202604\" data-month-id=\"202604\"><dl class=\"mec-calendar-table-head\"><dt class=\"mec-calendar-day-head\">LU<\/dt><dt class=\"mec-calendar-day-head\">MA<\/dt><dt class=\"mec-calendar-day-head\">MI<\/dt><dt class=\"mec-calendar-day-head\">JU<\/dt><dt class=\"mec-calendar-day-head\">VI<\/dt><dt class=\"mec-calendar-day-head\">SA<\/dt><dt class=\"mec-calendar-day-head\">DO<\/dt><\/dl><dl class=\"mec-calendar-row\">\r\n    <dt class=\"mec-table-nullday\">30<\/dt><dt class=\"mec-table-nullday\">31<\/dt><dt class=\"mec-calendar-day \" data-mec-cell=\"20260401\" data-day=\"1\" data-month=\"202604\">1<\/dt><dt class=\"mec-calendar-day \" data-mec-cell=\"20260402\" data-day=\"2\" data-month=\"202604\">2<\/dt><dt class=\"mec-calendar-day \" data-mec-cell=\"20260403\" data-day=\"3\" data-month=\"202604\">3<\/dt><dt class=\"mec-calendar-day \" data-mec-cell=\"20260404\" data-day=\"4\" data-month=\"202604\">4<\/dt><dt class=\"mec-calendar-day \" data-mec-cell=\"20260405\" data-day=\"5\" data-month=\"202604\">5<\/dt><\/dl><div class=\"mec-clear\"><div  class=\"mec-calendar-events-sec\" data-mec-cell=\"20260401\"><h6 class=\"mec-table-side-title\">Eventos para <span class=\"mec-color mec-table-side-day\"> 1<\/span> abril<\/h6><article class=\"mec-event-article\"><div class=\"mec-event-detail\">Sin eventos<\/div><\/article><\/div><div  class=\"mec-calendar-events-sec\" data-mec-cell=\"20260402\"><h6 class=\"mec-table-side-title\">Eventos para <span class=\"mec-color mec-table-side-day\"> 2<\/span> abril<\/h6><article class=\"mec-event-article\"><div class=\"mec-event-detail\">Sin eventos<\/div><\/article><\/div><div  class=\"mec-calendar-events-sec\" data-mec-cell=\"20260403\"><h6 class=\"mec-table-side-title\">Eventos para <span class=\"mec-color mec-table-side-day\"> 3<\/span> abril<\/h6><article class=\"mec-event-article\"><div class=\"mec-event-detail\">Sin eventos<\/div><\/article><\/div><div  class=\"mec-calendar-events-sec\" data-mec-cell=\"20260404\"><h6 class=\"mec-table-side-title\">Eventos para <span class=\"mec-color mec-table-side-day\"> 4<\/span> abril<\/h6><article class=\"mec-event-article\"><div class=\"mec-event-detail\">Sin eventos<\/div><\/article><\/div><div  class=\"mec-calendar-events-sec\" data-mec-cell=\"20260405\"><h6 class=\"mec-table-side-title\">Eventos para <span class=\"mec-color mec-table-side-day\"> 5<\/span> abril<\/h6><article class=\"mec-event-article\"><div class=\"mec-event-detail\">Sin eventos<\/div><\/article><\/div><\/div><dl class=\"mec-calendar-row\"><dt class=\"mec-calendar-day  mec-selected-day\" data-mec-cell=\"20260406\" data-day=\"6\" data-month=\"202604\">6<\/dt><dt class=\"mec-calendar-day \" data-mec-cell=\"20260407\" data-day=\"7\" data-month=\"202604\">7<\/dt><dt class=\"mec-calendar-day \" data-mec-cell=\"20260408\" data-day=\"8\" data-month=\"202604\">8<\/dt><dt class=\"mec-calendar-day \" data-mec-cell=\"20260409\" data-day=\"9\" data-month=\"202604\">9<\/dt><dt class=\"mec-calendar-day \" data-mec-cell=\"20260410\" data-day=\"10\" data-month=\"202604\">10<\/dt><dt class=\"mec-calendar-day \" data-mec-cell=\"20260411\" data-day=\"11\" data-month=\"202604\">11<\/dt><dt class=\"mec-calendar-day \" data-mec-cell=\"20260412\" data-day=\"12\" data-month=\"202604\">12<\/dt><\/dl><div class=\"mec-clear\"><div id=\"mec-active-current\" class=\"mec-calendar-events-sec\" data-mec-cell=\"20260406\"><h6 class=\"mec-table-side-title\">Eventos para <span class=\"mec-color mec-table-side-day\"> 6<\/span> abril<\/h6><article class=\"mec-event-article\"><div class=\"mec-event-detail\">Sin eventos<\/div><\/article><\/div><div  class=\"mec-calendar-events-sec\" data-mec-cell=\"20260407\"><h6 class=\"mec-table-side-title\">Eventos para <span class=\"mec-color mec-table-side-day\"> 7<\/span> abril<\/h6><article class=\"mec-event-article\"><div class=\"mec-event-detail\">Sin eventos<\/div><\/article><\/div><div  class=\"mec-calendar-events-sec\" data-mec-cell=\"20260408\"><h6 class=\"mec-table-side-title\">Eventos para <span class=\"mec-color mec-table-side-day\"> 8<\/span> abril<\/h6><article class=\"mec-event-article\"><div class=\"mec-event-detail\">Sin eventos<\/div><\/article><\/div><div  class=\"mec-calendar-events-sec\" data-mec-cell=\"20260409\"><h6 class=\"mec-table-side-title\">Eventos para <span class=\"mec-color mec-table-side-day\"> 9<\/span> abril<\/h6><article class=\"mec-event-article\"><div class=\"mec-event-detail\">Sin eventos<\/div><\/article><\/div><div  class=\"mec-calendar-events-sec\" data-mec-cell=\"20260410\"><h6 class=\"mec-table-side-title\">Eventos para <span class=\"mec-color mec-table-side-day\"> 10<\/span> abril<\/h6><article class=\"mec-event-article\"><div class=\"mec-event-detail\">Sin eventos<\/div><\/article><\/div><div  class=\"mec-calendar-events-sec\" data-mec-cell=\"20260411\"><h6 class=\"mec-table-side-title\">Eventos para <span class=\"mec-color mec-table-side-day\"> 11<\/span> abril<\/h6><article class=\"mec-event-article\"><div class=\"mec-event-detail\">Sin eventos<\/div><\/article><\/div><div  class=\"mec-calendar-events-sec\" data-mec-cell=\"20260412\"><h6 class=\"mec-table-side-title\">Eventos para <span class=\"mec-color mec-table-side-day\"> 12<\/span> abril<\/h6><article class=\"mec-event-article\"><div class=\"mec-event-detail\">Sin eventos<\/div><\/article><\/div><\/div><dl class=\"mec-calendar-row\"><dt class=\"mec-calendar-day \" data-mec-cell=\"20260413\" data-day=\"13\" data-month=\"202604\">13<\/dt><dt class=\"mec-calendar-day \" data-mec-cell=\"20260414\" data-day=\"14\" data-month=\"202604\">14<\/dt><dt class=\"mec-calendar-day \" data-mec-cell=\"20260415\" data-day=\"15\" data-month=\"202604\">15<\/dt><dt class=\"mec-calendar-day  mec-has-event\" data-mec-cell=\"20260416\" data-day=\"16\" data-month=\"202604\"><a href=\"#\" class=\"mec-has-event-a\">16<\/a><\/dt><dt class=\"mec-calendar-day \" data-mec-cell=\"20260417\" data-day=\"17\" data-month=\"202604\">17<\/dt><dt class=\"mec-calendar-day \" data-mec-cell=\"20260418\" data-day=\"18\" data-month=\"202604\">18<\/dt><dt class=\"mec-calendar-day \" data-mec-cell=\"20260419\" data-day=\"19\" data-month=\"202604\">19<\/dt><\/dl><div class=\"mec-clear\"><div  class=\"mec-calendar-events-sec\" data-mec-cell=\"20260413\"><h6 class=\"mec-table-side-title\">Eventos para <span class=\"mec-color mec-table-side-day\"> 13<\/span> abril<\/h6><article class=\"mec-event-article\"><div class=\"mec-event-detail\">Sin eventos<\/div><\/article><\/div><div  class=\"mec-calendar-events-sec\" data-mec-cell=\"20260414\"><h6 class=\"mec-table-side-title\">Eventos para <span class=\"mec-color mec-table-side-day\"> 14<\/span> abril<\/h6><article class=\"mec-event-article\"><div class=\"mec-event-detail\">Sin eventos<\/div><\/article><\/div><div  class=\"mec-calendar-events-sec\" data-mec-cell=\"20260415\"><h6 class=\"mec-table-side-title\">Eventos para <span class=\"mec-color mec-table-side-day\"> 15<\/span> abril<\/h6><article class=\"mec-event-article\"><div class=\"mec-event-detail\">Sin eventos<\/div><\/article><\/div><div class=\"mec-calendar-events-sec\" data-mec-cell=\"20260416\" ><h6 class=\"mec-table-side-title\">Eventos para <span class=\"mec-color mec-table-side-day\"> 16<\/span> abril<\/h6><article class=\"ended-relative mec-event-article \"><div class=\"mec-event-image\"><\/div><div class=\"mec-event-time mec-color\"><i class=\"mec-sl-clock-o\"><\/i> 8:00 pm - 9:30 pm<\/div><h4 class=\"mec-event-title\"><a class=\"mec-color-hover\" data-event-id=\"5648\" href=\"https:\/\/ramse.es\/wordpress\/eventos\/recepcion-academicos-correspondientes-4\/\" target=\"_self\" rel=\"noopener\">Recepci\u00f3n Acad\u00e9micos Correspondientes<\/a><span class=\"event-color\" style=\"background: #\"><\/span><\/h4><div class=\"mec-event-detail\"><div class=\"mec-event-loc-place\"><\/div><\/div><\/article><article class=\"ended-relative mec-event-article \"><div class=\"mec-event-image\"><img decoding=\"async\" width=\"150\" height=\"150\" src=\"https:\/\/ramse.es\/wordpress\/wp-content\/uploads\/2026\/03\/Recepcion-AC-16-04-2026-150x150.jpg\" class=\"attachment-thumbnail size-thumbnail wp-post-image\" alt=\"\" data-mec-postid=\"5760\" \/><\/div><div class=\"mec-event-time mec-color\"><i class=\"mec-sl-clock-o\"><\/i> 8:00 pm - 9:30 pm<\/div><h4 class=\"mec-event-title\"><a class=\"mec-color-hover\" data-event-id=\"5760\" href=\"https:\/\/ramse.es\/wordpress\/eventos\/recepcion-ac-electos-dr-mena-bernal-dr-gomez-menchero-y-dra-sendin\/\" target=\"_self\" rel=\"noopener\">Recepci\u00f3n AC Electos: Dr. Mena Bernal, Dr. G\u00f3mez Menchero y Dra. Send\u00edn<\/a><span class=\"event-color\" style=\"background: #\"><\/span><\/h4><div class=\"mec-event-detail\"><div class=\"mec-event-loc-place\"><\/div><\/div><\/article><\/div><div  class=\"mec-calendar-events-sec\" data-mec-cell=\"20260417\"><h6 class=\"mec-table-side-title\">Eventos para <span class=\"mec-color mec-table-side-day\"> 17<\/span> abril<\/h6><article class=\"mec-event-article\"><div class=\"mec-event-detail\">Sin eventos<\/div><\/article><\/div><div  class=\"mec-calendar-events-sec\" data-mec-cell=\"20260418\"><h6 class=\"mec-table-side-title\">Eventos para <span class=\"mec-color mec-table-side-day\"> 18<\/span> abril<\/h6><article class=\"mec-event-article\"><div class=\"mec-event-detail\">Sin eventos<\/div><\/article><\/div><div  class=\"mec-calendar-events-sec\" data-mec-cell=\"20260419\"><h6 class=\"mec-table-side-title\">Eventos para <span class=\"mec-color mec-table-side-day\"> 19<\/span> abril<\/h6><article class=\"mec-event-article\"><div class=\"mec-event-detail\">Sin eventos<\/div><\/article><\/div><\/div><dl class=\"mec-calendar-row\"><dt class=\"mec-calendar-day \" data-mec-cell=\"20260420\" data-day=\"20\" data-month=\"202604\">20<\/dt><dt class=\"mec-calendar-day \" data-mec-cell=\"20260421\" data-day=\"21\" data-month=\"202604\">21<\/dt><dt class=\"mec-calendar-day \" data-mec-cell=\"20260422\" data-day=\"22\" data-month=\"202604\">22<\/dt><dt class=\"mec-calendar-day \" data-mec-cell=\"20260423\" data-day=\"23\" data-month=\"202604\">23<\/dt><dt class=\"mec-calendar-day \" data-mec-cell=\"20260424\" data-day=\"24\" data-month=\"202604\">24<\/dt><dt class=\"mec-calendar-day \" data-mec-cell=\"20260425\" data-day=\"25\" data-month=\"202604\">25<\/dt><dt class=\"mec-calendar-day \" data-mec-cell=\"20260426\" data-day=\"26\" data-month=\"202604\">26<\/dt><\/dl><div class=\"mec-clear\"><div  class=\"mec-calendar-events-sec\" data-mec-cell=\"20260420\"><h6 class=\"mec-table-side-title\">Eventos para <span class=\"mec-color mec-table-side-day\"> 20<\/span> abril<\/h6><article class=\"mec-event-article\"><div class=\"mec-event-detail\">Sin eventos<\/div><\/article><\/div><div  class=\"mec-calendar-events-sec\" data-mec-cell=\"20260421\"><h6 class=\"mec-table-side-title\">Eventos para <span class=\"mec-color mec-table-side-day\"> 21<\/span> abril<\/h6><article class=\"mec-event-article\"><div class=\"mec-event-detail\">Sin eventos<\/div><\/article><\/div><div  class=\"mec-calendar-events-sec\" data-mec-cell=\"20260422\"><h6 class=\"mec-table-side-title\">Eventos para <span class=\"mec-color mec-table-side-day\"> 22<\/span> abril<\/h6><article class=\"mec-event-article\"><div class=\"mec-event-detail\">Sin eventos<\/div><\/article><\/div><div  class=\"mec-calendar-events-sec\" data-mec-cell=\"20260423\"><h6 class=\"mec-table-side-title\">Eventos para <span class=\"mec-color mec-table-side-day\"> 23<\/span> abril<\/h6><article class=\"mec-event-article\"><div class=\"mec-event-detail\">Sin eventos<\/div><\/article><\/div><div  class=\"mec-calendar-events-sec\" data-mec-cell=\"20260424\"><h6 class=\"mec-table-side-title\">Eventos para <span class=\"mec-color mec-table-side-day\"> 24<\/span> abril<\/h6><article class=\"mec-event-article\"><div class=\"mec-event-detail\">Sin eventos<\/div><\/article><\/div><div  class=\"mec-calendar-events-sec\" data-mec-cell=\"20260425\"><h6 class=\"mec-table-side-title\">Eventos para <span class=\"mec-color mec-table-side-day\"> 25<\/span> abril<\/h6><article class=\"mec-event-article\"><div class=\"mec-event-detail\">Sin eventos<\/div><\/article><\/div><div  class=\"mec-calendar-events-sec\" data-mec-cell=\"20260426\"><h6 class=\"mec-table-side-title\">Eventos para <span class=\"mec-color mec-table-side-day\"> 26<\/span> abril<\/h6><article class=\"mec-event-article\"><div class=\"mec-event-detail\">Sin eventos<\/div><\/article><\/div><\/div><dl class=\"mec-calendar-row\"><dt class=\"mec-calendar-day \" data-mec-cell=\"20260427\" data-day=\"27\" data-month=\"202604\">27<\/dt><dt class=\"mec-calendar-day  mec-has-event\" data-mec-cell=\"20260428\" data-day=\"28\" data-month=\"202604\"><a href=\"#\" class=\"mec-has-event-a\">28<\/a><\/dt><dt class=\"mec-calendar-day \" data-mec-cell=\"20260429\" data-day=\"29\" data-month=\"202604\">29<\/dt><dt class=\"mec-calendar-day  mec-has-event\" data-mec-cell=\"20260430\" data-day=\"30\" data-month=\"202604\"><a href=\"#\" class=\"mec-has-event-a\">30<\/a><\/dt><dt class=\"mec-table-nullday\">1<\/dt><dt class=\"mec-table-nullday\">2<\/dt><dt class=\"mec-table-nullday\">3<\/dt><\/dl>\r\n<div class=\"mec-clear\">\r\n    <div  class=\"mec-calendar-events-sec\" data-mec-cell=\"20260427\"><h6 class=\"mec-table-side-title\">Eventos para <span class=\"mec-color mec-table-side-day\"> 27<\/span> abril<\/h6><article class=\"mec-event-article\"><div class=\"mec-event-detail\">Sin eventos<\/div><\/article><\/div><div class=\"mec-calendar-events-sec\" data-mec-cell=\"20260428\" ><h6 class=\"mec-table-side-title\">Eventos para <span class=\"mec-color mec-table-side-day\"> 28<\/span> abril<\/h6><article class=\"ended-relative mec-event-article \"><div class=\"mec-event-image\"><\/div><div class=\"mec-event-time mec-color\"><i class=\"mec-sl-clock-o\"><\/i> 8:00 pm - 9:30 pm<\/div><h4 class=\"mec-event-title\"><a class=\"mec-color-hover\" data-event-id=\"5761\" href=\"https:\/\/ramse.es\/wordpress\/eventos\/catedra-divulgacion-oncologica\/\" target=\"_self\" rel=\"noopener\">C\u00e1tedra Divulgaci\u00f3n Oncol\u00f3gica<\/a><span class=\"event-color\" style=\"background: #\"><\/span><\/h4><div class=\"mec-event-detail\"><div class=\"mec-event-loc-place\"><\/div><\/div><\/article><\/div><div  class=\"mec-calendar-events-sec\" data-mec-cell=\"20260429\"><h6 class=\"mec-table-side-title\">Eventos para <span class=\"mec-color mec-table-side-day\"> 29<\/span> abril<\/h6><article class=\"mec-event-article\"><div class=\"mec-event-detail\">Sin eventos<\/div><\/article><\/div><div class=\"mec-calendar-events-sec\" data-mec-cell=\"20260430\" ><h6 class=\"mec-table-side-title\">Eventos para <span class=\"mec-color mec-table-side-day\"> 30<\/span> abril<\/h6><article class=\"ended-relative mec-event-article \"><div class=\"mec-event-image\"><\/div><div class=\"mec-event-time mec-color\"><i class=\"mec-sl-clock-o\"><\/i> 7:00 pm - 8:30 pm<\/div><h4 class=\"mec-event-title\"><a class=\"mec-color-hover\" data-event-id=\"5762\" href=\"https:\/\/ramse.es\/wordpress\/eventos\/recepcion-ac-internacional-d-rafael-de-cabo-moreno\/\" target=\"_self\" rel=\"noopener\">Recepci\u00f3n AC Internacional: D. Rafael de Cabo Moreno<\/a><span class=\"event-color\" style=\"background: #\"><\/span><\/h4><div class=\"mec-event-detail\"><div class=\"mec-event-loc-place\"><\/div><\/div><\/article><\/div><\/div><\/div>\r\n            <\/div>\r\n\r\n                    <\/div>\r\n            <\/div>\r\n\r\n<\/div><\/div><div class=\"fusion-additional-widget-content\"><\/div><\/div><div class=\"fusion-clearfix\"><\/div><\/div><\/div><div class=\"fusion-layout-column fusion_builder_column fusion-builder-column-3 fusion_builder_column_1_6 1_6 fusion-one-sixth fusion-column-last\" style=\"width:16.666666666667%;width:calc(16.666666666667% - ( ( 4% + 4% ) * 0.16666666666667 ) );margin-top:10px;margin-bottom:10px;\"><div class=\"fusion-column-wrapper fusion-flex-column-wrapper-legacy\" style=\"background-position:left top;background-repeat:no-repeat;-webkit-background-size:cover;-moz-background-size:cover;-o-background-size:cover;background-size:cover;padding: 0px 0px 0px 0px;\"><div class=\"fusion-clearfix\"><\/div><\/div><\/div><\/div><\/div><\/p>\n","protected":false},"excerpt":{"rendered":"","protected":false},"author":3,"featured_media":0,"parent":0,"menu_order":0,"comment_status":"closed","ping_status":"closed","template":"100-width.php","meta":{"_monsterinsights_skip_tracking":false,"_monsterinsights_sitenote_active":false,"_monsterinsights_sitenote_note":"","_monsterinsights_sitenote_category":0,"footnotes":""},"class_list":["post-2771","page","type-page","status-publish","hentry"],"_links":{"self":[{"href":"https:\/\/ramse.es\/wordpress\/wp-json\/wp\/v2\/pages\/2771","targetHints":{"allow":["GET"]}}],"collection":[{"href":"https:\/\/ramse.es\/wordpress\/wp-json\/wp\/v2\/pages"}],"about":[{"href":"https:\/\/ramse.es\/wordpress\/wp-json\/wp\/v2\/types\/page"}],"author":[{"embeddable":true,"href":"https:\/\/ramse.es\/wordpress\/wp-json\/wp\/v2\/users\/3"}],"replies":[{"embeddable":true,"href":"https:\/\/ramse.es\/wordpress\/wp-json\/wp\/v2\/comments?post=2771"}],"version-history":[{"count":14,"href":"https:\/\/ramse.es\/wordpress\/wp-json\/wp\/v2\/pages\/2771\/revisions"}],"predecessor-version":[{"id":5199,"href":"https:\/\/ramse.es\/wordpress\/wp-json\/wp\/v2\/pages\/2771\/revisions\/5199"}],"wp:attachment":[{"href":"https:\/\/ramse.es\/wordpress\/wp-json\/wp\/v2\/media?parent=2771"}],"curies":[{"name":"wp","href":"https:\/\/api.w.org\/{rel}","templated":true}]}}