{"id":2729,"date":"2020-05-24T18:54:35","date_gmt":"2020-05-24T18:54:35","guid":{"rendered":"https:\/\/ramse.es\/wordpress\/?page_id=2729"},"modified":"2025-02-10T14:29:11","modified_gmt":"2025-02-10T12:29:11","slug":"estatutos","status":"publish","type":"page","link":"https:\/\/ramse.es\/wordpress\/estatutos\/","title":{"rendered":"Estatutos"},"content":{"rendered":"<p><div class=\"fusion-fullwidth fullwidth-box fusion-builder-row-1 hundred-percent-fullwidth non-hundred-percent-height-scrolling\" style=\"background-color: #ffffff;background-position: left top;background-repeat: no-repeat;padding-top:20px;padding-right:0px;padding-bottom:0px;padding-left:0px;margin-bottom: 0px;margin-top: 0px;border-width: 0px 0px 0px 0px;border-color:#e7e4e2;border-style:solid;\" ><div class=\"fusion-builder-row fusion-row\"><div class=\"fusion-layout-column fusion_builder_column fusion-builder-column-0 fusion_builder_column_1_1 1_1 fusion-one-full fusion-column-first fusion-column-last fusion-column-no-min-height\" style=\"margin-top:0px;margin-bottom:-10px;\"><div class=\"fusion-column-wrapper fusion-flex-column-wrapper-legacy\" style=\"background-position:left top;background-repeat:no-repeat;-webkit-background-size:cover;-moz-background-size:cover;-o-background-size:cover;background-size:cover;padding: 0px 0px 0px 0px;\"><div class=\"fusion-clearfix\"><\/div><\/div><\/div><\/div><\/div><div class=\"fusion-fullwidth fullwidth-box fusion-builder-row-2 nonhundred-percent-fullwidth non-hundred-percent-height-scrolling\" style=\"background-color: #faf9f8;background-position: left top;background-repeat: no-repeat;padding-top:90px;padding-right:0px;padding-bottom:4%;padding-left:0px;margin-bottom: 0px;margin-top: 0px;border-width: 0px 0px 0px 0px;border-color:#e7e4e2;border-style:solid;\" ><div class=\"fusion-builder-row fusion-row\"><div class=\"fusion-layout-column fusion_builder_column fusion-builder-column-1 fusion_builder_column_1_6 1_6 fusion-one-sixth fusion-column-first fusion-column-no-min-height\" style=\"width:13.3333%; margin-right: 4%;margin-top:10px;margin-bottom:10px;\"><div class=\"fusion-column-wrapper fusion-flex-column-wrapper-legacy\" style=\"background-position:left top;background-repeat:no-repeat;-webkit-background-size:cover;-moz-background-size:cover;-o-background-size:cover;background-size:cover;padding: 0px 0px 0px 0px;\"><div class=\"fusion-clearfix\"><\/div><\/div><\/div><div class=\"fusion-layout-column fusion_builder_column fusion-builder-column-2 fusion_builder_column_2_3 2_3 fusion-two-third fusion-column-no-min-height\" style=\"width:65.3333%; margin-right: 4%;margin-top:10px;margin-bottom:10px;\"><div class=\"fusion-column-wrapper fusion-flex-column-wrapper-legacy\" style=\"background-position:left top;background-repeat:no-repeat;-webkit-background-size:cover;-moz-background-size:cover;-o-background-size:cover;background-size:cover;padding: 0px 0px 0px 0px;\"><div class=\"fusion-text fusion-text-1\"><h3 style=\"text-align: center;\"><strong>Estatutos<\/strong><\/h3>\n<\/div><div class=\"fusion-text fusion-text-2\"><p><strong>ESTATUTOS DE LA REAL ACADEMIA DE MEDICINA Y CIRUG\u00cdA DE S<\/strong><strong>EVILLA.<\/strong><\/p>\n<p>La Real Academia de Medicina y Cirug\u00eda de Sevilla es una Corporaci\u00f3n de Derecho P\u00fablico integrada en el Instituto de Academias de Andaluc\u00eda y asociada al Instituto de Espa\u00f1a.<\/p>\n<p>Fue creada el 25 de mayo del a\u00f1o 1700, fecha en la que el Rey Carlos II concedi\u00f3 c\u00e9dula fundacional a la <em>\u00abSociedad Regia Filos\u00f3fica y M\u00e9dica de Sevilla\u00bb, <\/em>siendo por tanto la m\u00e1s antigua de las Academias de Espa\u00f1a. En octubre de 1701, el Rey Felipe V la puso bajo su protecci\u00f3n real pasando a llamarse <em>\u00abRegia Sociedad de Medicina y otras Ciencias de Sevilla\u00bb. <\/em>Por \u00faltimo, el t\u00edtulo de <em>\u00abReal Academia de Medicina y Cirug\u00eda de Sevilla\u00bb <\/em>se alcanza en 1830 por una orden de unificaci\u00f3n de denominaciones dictada por el Rey Fernando VII.<\/p>\n<p>La Real Academia de Medicina y Cirug\u00eda de Sevilla se regir\u00e1 por los presentes Estatutos y por el Reglamento de R\u00e9gimen Interior que los desarrolle.<\/p>\n<p>Para el cumplimiento de sus fines y desarrollo org\u00e1nico y funcional, esta Real Academia proclama el principio de igualdad por raz\u00f3n de g\u00e9nero consagrado en la Ley 12\/2007, de 26 de noviembre, para la promoci\u00f3n de la igualdad de g\u00e9nero en Andaluc\u00eda.<\/p>\n<p style=\"text-align: left;\"><a href=\"https:\/\/ramse.es\/wordpress\/wp-content\/uploads\/2025\/02\/ESTATUTOS-Real-Academia-de-Medicina-y-Cirugia-de-Sevilla-2024-.pdf\" target=\"_blank\" rel=\"noopener\"><strong>Accede aqu\u00ed al Estatuto completo<\/strong><\/a><\/p>\n<\/div><div class=\"fusion-sep-clear\"><\/div><div class=\"fusion-separator fusion-full-width-sep\" style=\"margin-left: auto;margin-right: auto;margin-top:50px;width:100%;\"><\/div><div class=\"fusion-sep-clear\"><\/div><div class=\"fusion-clearfix\"><\/div><\/div><\/div><div class=\"fusion-layout-column fusion_builder_column fusion-builder-column-3 fusion_builder_column_1_6 1_6 fusion-one-sixth fusion-column-last fusion-column-no-min-height\" style=\"width:13.3333%;margin-top:10px;margin-bottom:10px;\"><div class=\"fusion-column-wrapper fusion-flex-column-wrapper-legacy\" style=\"background-position:left top;background-repeat:no-repeat;-webkit-background-size:cover;-moz-background-size:cover;-o-background-size:cover;background-size:cover;padding: 0px 0px 0px 0px;\"><div class=\"fusion-clearfix\"><\/div><\/div><\/div><\/div><\/div><\/p>\n","protected":false},"excerpt":{"rendered":"","protected":false},"author":3,"featured_media":0,"parent":0,"menu_order":0,"comment_status":"closed","ping_status":"closed","template":"100-width.php","meta":{"_monsterinsights_skip_tracking":false,"_monsterinsights_sitenote_active":false,"_monsterinsights_sitenote_note":"","_monsterinsights_sitenote_category":0,"footnotes":""},"class_list":["post-2729","page","type-page","status-publish","hentry"],"_links":{"self":[{"href":"https:\/\/ramse.es\/wordpress\/wp-json\/wp\/v2\/pages\/2729","targetHints":{"allow":["GET"]}}],"collection":[{"href":"https:\/\/ramse.es\/wordpress\/wp-json\/wp\/v2\/pages"}],"about":[{"href":"https:\/\/ramse.es\/wordpress\/wp-json\/wp\/v2\/types\/page"}],"author":[{"embeddable":true,"href":"https:\/\/ramse.es\/wordpress\/wp-json\/wp\/v2\/users\/3"}],"replies":[{"embeddable":true,"href":"https:\/\/ramse.es\/wordpress\/wp-json\/wp\/v2\/comments?post=2729"}],"version-history":[{"count":4,"href":"https:\/\/ramse.es\/wordpress\/wp-json\/wp\/v2\/pages\/2729\/revisions"}],"predecessor-version":[{"id":5100,"href":"https:\/\/ramse.es\/wordpress\/wp-json\/wp\/v2\/pages\/2729\/revisions\/5100"}],"wp:attachment":[{"href":"https:\/\/ramse.es\/wordpress\/wp-json\/wp\/v2\/media?parent=2729"}],"curies":[{"name":"wp","href":"https:\/\/api.w.org\/{rel}","templated":true}]}}