{"id":2711,"date":"2020-05-12T18:00:06","date_gmt":"2020-05-12T18:00:06","guid":{"rendered":"https:\/\/ramse.es\/wordpress\/?page_id=2711"},"modified":"2026-01-15T15:54:26","modified_gmt":"2026-01-15T13:54:26","slug":"biblioteca-2","status":"publish","type":"page","link":"https:\/\/ramse.es\/wordpress\/biblioteca-2\/","title":{"rendered":"Fundaci\u00f3n"},"content":{"rendered":"<p><div class=\"fusion-fullwidth fullwidth-box fusion-builder-row-1 nonhundred-percent-fullwidth non-hundred-percent-height-scrolling\" style=\"background-color: rgba(255,255,255,0);background-position: left top;background-repeat: no-repeat;padding-top:90px;padding-right:0px;padding-bottom:4%;padding-left:0px;margin-bottom: 0px;margin-top: 0px;border-width: 0px 0px 0px 0px;border-color:#e7e4e2;border-style:solid;\" ><div class=\"fusion-builder-row fusion-row\"><div class=\"fusion-layout-column fusion_builder_column fusion-builder-column-0 fusion_builder_column_1_6 1_6 fusion-one-sixth fusion-column-first\" style=\"width:13.3333%; margin-right: 4%;margin-top:10px;margin-bottom:0px;\"><div class=\"fusion-column-wrapper fusion-flex-column-wrapper-legacy\" style=\"background-position:left top;background-repeat:no-repeat;-webkit-background-size:cover;-moz-background-size:cover;-o-background-size:cover;background-size:cover;padding: 0px 0px 0px 0px;\"><div class=\"fusion-clearfix\"><\/div><\/div><\/div><div class=\"fusion-layout-column fusion_builder_column fusion-builder-column-1 fusion_builder_column_2_3 2_3 fusion-two-third\" style=\"width:65.3333%; margin-right: 4%;margin-top:10px;margin-bottom:0px;\"><div class=\"fusion-column-wrapper fusion-flex-column-wrapper-legacy\" style=\"background-position:left top;background-repeat:no-repeat;-webkit-background-size:cover;-moz-background-size:cover;-o-background-size:cover;background-size:cover;padding: 0px 0px 0px 0px;\"><div class=\"fusion-sep-clear\"><\/div><div class=\"fusion-separator fusion-full-width-sep\" style=\"margin-left: auto;margin-right: auto;margin-top:50px;width:100%;\"><\/div><div class=\"fusion-sep-clear\"><\/div><style type=\"text\/css\"><\/style><div class=\"fusion-title title fusion-title-1 fusion-sep-none fusion-title-text fusion-title-size-one\" style=\"margin-top:0px;margin-right:0px;margin-bottom:30px;margin-left:0px;\"><h1 class=\"title-heading-left fusion-responsive-typography-calculated\" style=\"margin:0;--fontSize:30;line-height:1.45;\"><p style=\"text-align: center;\">\u00a0Fundaci\u00f3n Real Academia de Medicina y Cirug\u00eda de Sevilla<\/p><\/h1><\/div><div class=\"fusion-text fusion-text-1\"><h4>A lo largo de sus m\u00e1s de tres siglos de historia, la Real Academia de Medicina y Cirug\u00eda de Sevilla ha mantenido su primitiva vocaci\u00f3n de cultivo de la pr\u00e1ctica y saber m\u00e9dico y la difusi\u00f3n de su conocimiento, de modo que, a pesar de los cambios y continua evoluci\u00f3n de sus disciplinas, la Academia sigue presentando la excelencia de las ciencias m\u00e9dicas en lo novedoso y en el respetuoso ritual de las tradiciones.<\/h4>\n<h4>Para facilitar el desarrollo de sus objetivos, se cre\u00f3 la Fundaci\u00f3n Real Academia de Medicina y Cirug\u00eda de Sevilla. Es la Fundaci\u00f3n, instrumento y parte misma de la Academia, que act\u00faa como interlocutor con sus colaboradores, favoreciendo el desarrollo de proyectos de una forma m\u00e1s amplia. Entre las actividades previstas para el impulso de sus fines fundacionales, destaca la colaboraci\u00f3n en la convocatoria de Premios de la Real Academia de Medicina y Cirug\u00eda de Sevilla; la organizaci\u00f3n de conferencias, jornadas, encuentros, coloquios, charlas y debates, fomentando los estudios y trabajos que contribuyan a la mejora, perfeccionamiento, protecci\u00f3n y difusi\u00f3n de la medicina, la salud y la sanidad.<\/h4>\n<\/div><div class=\"fusion-clearfix\"><\/div><\/div><\/div><div class=\"fusion-layout-column fusion_builder_column fusion-builder-column-2 fusion_builder_column_1_6 1_6 fusion-one-sixth fusion-column-last\" style=\"width:13.3333%;margin-top:10px;margin-bottom:0px;\"><div class=\"fusion-column-wrapper fusion-flex-column-wrapper-legacy\" style=\"background-position:left top;background-repeat:no-repeat;-webkit-background-size:cover;-moz-background-size:cover;-o-background-size:cover;background-size:cover;padding: 0px 0px 0px 0px;\"><div class=\"fusion-clearfix\"><\/div><\/div><\/div><\/div><\/div><div class=\"fusion-fullwidth fullwidth-box fusion-builder-row-2 hundred-percent-fullwidth non-hundred-percent-height-scrolling\" style=\"background-color: #faf9f8;background-position: center center;background-repeat: no-repeat;padding-top:0px;padding-right:0px;padding-bottom:0px;padding-left:0px;margin-bottom: 0px;margin-top: 0px;border-width: 0px 0px 0px 0px;border-color:#e7e4e2;border-style:solid;\" ><div class=\"fusion-builder-row fusion-row\"><div class=\"fusion-layout-column fusion_builder_column fusion-builder-column-3 fusion_builder_column_1_6 1_6 fusion-one-sixth fusion-column-first fusion-column-no-min-height\" style=\"width:13.3333%; margin-right: 4%;margin-top:0px;margin-bottom:50px;\"><div class=\"fusion-column-wrapper fusion-flex-column-wrapper-legacy\" style=\"background-position:left top;background-repeat:no-repeat;-webkit-background-size:cover;-moz-background-size:cover;-o-background-size:cover;background-size:cover;padding: 0px 0px 0px 0px;\"><div class=\"fusion-clearfix\"><\/div><\/div><\/div><div class=\"fusion-layout-column fusion_builder_column fusion-builder-column-4 fusion_builder_column_2_3 2_3 fusion-two-third fusion-column-no-min-height\" style=\"width:65.3333%; margin-right: 4%;margin-top:0px;margin-bottom:50px;\"><div class=\"fusion-column-wrapper fusion-flex-column-wrapper-legacy\" style=\"background-position:left top;background-repeat:no-repeat;-webkit-background-size:cover;-moz-background-size:cover;-o-background-size:cover;background-size:cover;padding: 0px 0px 0px 0px;\"><div class=\"fusion-section-separator section-separator bigtriangle fusion-section-separator-1\"><div class=\"fusion-section-separator-svg\" style=\"padding:0;margin-left: 0px;margin-right: 0px;\"><svg class=\"fusion-big-triangle-candy\" xmlns=\"http:\/\/www.w3.org\/2000\/svg\" version=\"1.1\" width=\"100%\" height=\"100\" viewBox=\"0 0 100 100\" preserveAspectRatio=\"none\" style=\"fill:#ffffff;padding:0;\"><path d=\"M-1 -1 L50 99 L101 -1 Z\"><\/path><\/svg><\/div><div class=\"fusion-section-separator-spacer\"><div class=\"fusion-section-separator-spacer-height\" style=\"height:99px;\"><\/div><\/div><\/div><style type=\"text\/css\"><\/style><div class=\"fusion-title title fusion-title-2 fusion-sep-none fusion-title-text fusion-title-size-one\" style=\"margin-top:0px;margin-right:0px;margin-bottom:30px;margin-left:0px;\"><h1 class=\"title-heading-left fusion-responsive-typography-calculated\" style=\"margin:0;--fontSize:30;line-height:1.45;\"><h3><strong>La Fundaci\u00f3n Real Academia de Medicina y Cirug\u00eda de Sevilla cuenta con las siguientes C\u00e1tedras de Divulgaci\u00f3n:<\/strong><\/h3>\n<p>\u2022 C\u00e1tedra de Divulgaci\u00f3n Oncol\u00f3gica<\/p>\n<p>\u2022 C\u00e1tedra de Cooperaci\u00f3n Internacional<\/p>\n<p>\u2022 C\u00e1tedra MAS Alimentaci\u00f3n y Salud<\/p>\n<p>\u2022 C\u00e1tedra de Obesidad y Enfermedades Metab\u00f3licas Asociadas (EMA)<\/p><\/h1><\/div><div class=\"fusion-section-separator section-separator bigtriangle fusion-section-separator-2\"><div class=\"fusion-section-separator-svg\" style=\"padding:0;margin-left: 0px;margin-right: 0px;\"><svg class=\"fusion-big-triangle-candy\" xmlns=\"http:\/\/www.w3.org\/2000\/svg\" version=\"1.1\" width=\"100%\" height=\"100\" viewBox=\"0 0 100 100\" preserveAspectRatio=\"none\" style=\"fill:#ffffff;padding:0;\"><path d=\"M-1 -1 L50 99 L101 -1 Z\"><\/path><\/svg><\/div><div class=\"fusion-section-separator-spacer\"><div class=\"fusion-section-separator-spacer-height\" style=\"height:99px;\"><\/div><\/div><\/div><style type=\"text\/css\"><\/style><div class=\"fusion-title title fusion-title-3 fusion-sep-none fusion-title-text fusion-title-size-one\" style=\"margin-top:0px;margin-right:0px;margin-bottom:30px;margin-left:0px;\"><h1 class=\"title-heading-left fusion-responsive-typography-calculated\" style=\"margin:0;--fontSize:30;line-height:1.45;\"><h3>Entre los grupos que forman parte de la Fundaci\u00f3n tiene una especial relevancia el de sus\u00a0<strong><em>Miembros Fundadores<\/em><\/strong>, que se responsabilizaron de las primeras aportaciones fundacionales y de la gesti\u00f3n del proceso de constituci\u00f3n de la Fundaci\u00f3n:<\/h3>\n<p>\u2022 La Real Academia de Medicina y Cirug\u00eda de Sevilla<\/p>\n<p>\u2022 D. Juan Bautista Alca\u00f1iz Folch<\/p>\n<p>\u2022 D. Lucas Bermudo Fern\u00e1ndez<\/p>\n<p>\u2022 D. Pedro Blasco Huelva<\/p>\n<p>\u2022 D. Jes\u00fas Casti\u00f1eiras Fern\u00e1ndez<\/p>\n<p>\u2022 D. Mauricio Dom\u00ednguez-Adame Cobos<\/p>\n<p>\u2022 D. Hugo Galera Davidson<\/p>\n<p>\u2022 D. Alfonso Galnares Ysern<\/p>\n<p>\u2022 D. Ignacio G\u00f3mez de Terreros S\u00e1nchez<\/p>\n<p>\u2022 D. Manuel Hern\u00e1ndez Pe\u00f1a<\/p>\n<p>\u2022 D. Carlos Infantes Alc\u00f3n<\/p>\n<p>\u2022 D. Rafael Mart\u00ednez Dom\u00ednguez<\/p>\n<p>\u2022 D. \u00c1ngel Mart\u00ednez Sahuquillo<\/p>\n<p>\u2022 D. Pedro Mu\u00f1oz Gonz\u00e1lez<\/p>\n<p>\u2022 D. Carlos Pera Madrazo<\/p>\n<p>\u2022 D. Antonio Pi\u00f1ero Bustamante<\/p>\n<p>\u2022 D. Jaime Rodr\u00edguez Sacrist\u00e1n<\/p>\n<p>\u2022 D. Blas Rodr\u00edguez de Quesada Tello<\/p>\n<p>\u2022 D. Jos\u00e9 Rojas Rodr\u00edguez<\/p>\n<p>\u2022 D. Jos\u00e9 Mar\u00eda Rubio Rubio<\/p>\n<p>\u2022 D. Juan Sabat\u00e9 D\u00edaz<\/p>\n<p>\u2022 D. Fernando S\u00e1enz L\u00f3pez de Rueda<\/p>\n<p>\u2022 D. Pedro S\u00e1nchez Guijo<\/p>\n<p>\u2022 D. Jos\u00e9 Luis Serrera Contreras<\/p>\n<p>\u2022 D. Ismael Sotillo Gago<\/p>\n<p>\u2022 D. Benito Vald\u00e9s Castrill\u00f3n<\/p>\n<p>\u2022 D. Eduardo Zamora Madaria<\/p>\n<h3><strong>Componen el Patronato de la Fundaci\u00f3n los\u00a0<em>Patronos<\/em>:<\/strong><\/h3>\n<ul>\n<li>Excmo. Sr. Dr. D. Carlos A. Infantes Alc\u00f3n. <em>Presidente Fundaci\u00f3n RAMSE.<\/em><\/li>\n<li><strong>Vicepresidente RAMSE.<\/strong> Sr. Dr. D. Juan Sabat\u00e9 D\u00edaz.<\/li>\n<li><strong>Tesorero RAMSE.<\/strong> Sr. Dr. D. Miguel \u00c1ngel Muni\u00e1in Ezcurra. <em>Tesorero Fundaci\u00f3n RAMSE.<\/em><\/li>\n<li><strong>Secretario RAMSE.<\/strong> Sr. Dr. D. Jos\u00e9 Antonio Mil\u00e1n Mart\u00edn<\/li>\n<li><strong> Sr. Dr. D. Carlos A. Infantes Alc\u00f3n<\/strong><\/li>\n<li><strong> Sr. Dr. D. Juan Sabat\u00e9 D\u00edaz<\/strong><\/li>\n<li><strong> Sr. Dr. D. Federico Arg\u00fcelles Mart\u00edn<\/strong><\/li>\n<li><strong> D. Eduardo Dom\u00ednguez-Adame Lanuza. <\/strong><em>Secretario Fundaci\u00f3n RAMSE.<\/em><\/li>\n<li><strong> Sr. Dr. D. Alberto Garc\u00eda-Perla Garc\u00eda<\/strong><\/li>\n<li><strong>Real Ilustre Colegio de M\u00e9dicos de Sevilla (RICOMS) <\/strong>representado por Ilmo. Sr. Dr. D. Juan Manuel Contreras Ayala<\/li>\n<\/ul>\n<p><strong>Comit\u00e9 asesor de Fundaci\u00f3n RAMSE<\/strong><\/p>\n<ul>\n<li>D. Juan Antonio Virizuela Echaburu<\/li>\n<li>D. Diego Antonio G\u00f3mez \u00c1ngel<\/li>\n<li>D. Rogelio Garrido Teruel<\/li>\n<li>Do\u00f1a Carmen Delgado Jim\u00e9nez<\/li>\n<li>D. Jos\u00e9 Mar\u00eda L\u00f3pez Puerta<\/li>\n<li>D. Mart\u00edn Navarro Merino<\/li>\n<li>D. Santiago Dur\u00e1n Garc\u00eda<\/li>\n<li>D. Julio Cuesta Dom\u00ednguez<\/li>\n<li>D. Alberto M\u00e1ximo P\u00e9rez Calero<\/li>\n<li>D. Carlos Gonz\u00e1lez-Vilardell Urbano<\/li>\n<\/ul>\n<h3><\/h3>\n<h3><strong>La Fundaci\u00f3n Real Academia de Medicina y Cirug\u00eda de Sevilla cuenta con los siguientes\u00a0<em>Miembros Colaboradores<\/em>:<\/strong><\/h3>\n<p>\u2022 Colegio Oficial de Dentistas de Sevilla<\/p>\n<p>\u2022 Fundaci\u00f3n MAS<\/p>\n<p>\u2022 Fundaci\u00f3n ECO<\/p>\n<p>\u2022 Moeckel Abogados S. L.<\/p>\n<p>\u2022 Asociaci\u00f3n Espa\u00f1ola Contra el Cancer<\/p><\/h1><\/div><div class=\"fusion-sep-clear\"><\/div><div class=\"fusion-separator\" style=\"margin-left: auto;margin-right: auto;width:100%;max-width:30px;\"><\/div><div class=\"fusion-sep-clear\"><\/div><div class=\"fusion-clearfix\"><\/div><\/div><\/div><div class=\"fusion-layout-column fusion_builder_column fusion-builder-column-5 fusion_builder_column_1_6 1_6 fusion-one-sixth fusion-column-last fusion-column-no-min-height\" style=\"width:13.3333%;margin-top:0px;margin-bottom:50px;\"><div class=\"fusion-column-wrapper fusion-flex-column-wrapper-legacy\" style=\"background-position:left top;background-repeat:no-repeat;-webkit-background-size:cover;-moz-background-size:cover;-o-background-size:cover;background-size:cover;padding: 0px 0px 0px 0px;\"><div class=\"fusion-clearfix\"><\/div><\/div><\/div><\/div><\/div><div class=\"fusion-fullwidth fullwidth-box fusion-builder-row-3 nonhundred-percent-fullwidth non-hundred-percent-height-scrolling\" style=\"background-color: rgba(255,255,255,0);background-position: center center;background-repeat: no-repeat;padding-top:0px;padding-right:0px;padding-bottom:0px;padding-left:0px;margin-bottom: 0px;margin-top: 0px;border-width: 0px 0px 0px 0px;border-color:#e7e4e2;border-style:solid;\" ><div class=\"fusion-builder-row fusion-row\"><div class=\"fusion-layout-column fusion_builder_column fusion-builder-column-6 fusion_builder_column_1_1 1_1 fusion-one-full fusion-column-first fusion-column-last\" style=\"margin-top:10px;margin-bottom:10px;\"><div class=\"fusion-column-wrapper fusion-flex-column-wrapper-legacy\" style=\"background-position:left top;background-repeat:no-repeat;-webkit-background-size:cover;-moz-background-size:cover;-o-background-size:cover;background-size:cover;padding: 0px 0px 0px 0px;\"><div class=\"fusion-image-carousel fusion-image-carousel-auto fusion-image-carousel-1 lightbox-enabled fusion-carousel-border\"><div class=\"fusion-carousel\" data-autoplay=\"yes\" data-columns=\"5\" data-itemmargin=\"13\" data-itemwidth=\"180\" data-touchscroll=\"no\" data-imagesize=\"auto\"><div class=\"fusion-carousel-positioner\"><ul class=\"fusion-carousel-holder\"><li class=\"fusion-carousel-item\"><div class=\"fusion-carousel-item-wrapper\"><div class=\"fusion-image-wrapper hover-type-zoomin\"><a data-rel=\"iLightbox[image_carousel_1]\" data-title=\"Escudo_ RAMSE V2\" aria-label=\"Escudo_ RAMSE V2\" href=\"https:\/\/ramse.es\/wordpress\/wp-content\/uploads\/2020\/04\/Escudo_-RAMSE-V2-200x226.png\" target=\"_self\"><img decoding=\"async\" width=\"323\" height=\"365\" src=\"https:\/\/ramse.es\/wordpress\/wp-content\/uploads\/2020\/04\/Escudo_-RAMSE-V2.png\" class=\"attachment-full size-full\" alt=\"\" srcset=\"https:\/\/ramse.es\/wordpress\/wp-content\/uploads\/2020\/04\/Escudo_-RAMSE-V2-200x226.png 200w, https:\/\/ramse.es\/wordpress\/wp-content\/uploads\/2020\/04\/Escudo_-RAMSE-V2.png 323w\" sizes=\"(min-width: 2200px) 100vw, (min-width: 916px) 310px, (min-width: 824px) 414px, (min-width: 732px) 621px, (min-width: 640px) 732px, \" \/><\/a><\/div><\/div><\/li><li class=\"fusion-carousel-item\"><div class=\"fusion-carousel-item-wrapper\"><div class=\"fusion-image-wrapper hover-type-zoomin\"><a data-rel=\"iLightbox[image_carousel_1]\" data-title=\"escudo comsevilla\" aria-label=\"escudo comsevilla\" href=\"https:\/\/ramse.es\/wordpress\/wp-content\/uploads\/2020\/05\/escudo-comsevilla-200x200.jpg\" target=\"_self\"><img decoding=\"async\" width=\"240\" height=\"240\" src=\"https:\/\/ramse.es\/wordpress\/wp-content\/uploads\/2020\/05\/escudo-comsevilla.jpg\" class=\"attachment-full size-full\" alt=\"\" srcset=\"https:\/\/ramse.es\/wordpress\/wp-content\/uploads\/2020\/05\/escudo-comsevilla-200x200.jpg 200w, https:\/\/ramse.es\/wordpress\/wp-content\/uploads\/2020\/05\/escudo-comsevilla.jpg 240w\" sizes=\"(min-width: 2200px) 100vw, (min-width: 916px) 310px, (min-width: 824px) 414px, (min-width: 732px) 621px, (min-width: 640px) 732px, \" \/><\/a><\/div><\/div><\/li><li class=\"fusion-carousel-item\"><div class=\"fusion-carousel-item-wrapper\"><div class=\"fusion-image-wrapper hover-type-zoomin\"><a data-rel=\"iLightbox[image_carousel_1]\" data-title=\"colegio dentistas sevilla\" aria-label=\"colegio dentistas sevilla\" href=\"https:\/\/ramse.es\/wordpress\/wp-content\/uploads\/2020\/05\/colegio-dentistas-sevilla-200x200.jpeg\" target=\"_self\"><img decoding=\"async\" width=\"255\" height=\"255\" src=\"https:\/\/ramse.es\/wordpress\/wp-content\/uploads\/2020\/05\/colegio-dentistas-sevilla.jpeg\" class=\"attachment-full size-full\" alt=\"\" srcset=\"https:\/\/ramse.es\/wordpress\/wp-content\/uploads\/2020\/05\/colegio-dentistas-sevilla-200x200.jpeg 200w, https:\/\/ramse.es\/wordpress\/wp-content\/uploads\/2020\/05\/colegio-dentistas-sevilla.jpeg 255w\" sizes=\"(min-width: 2200px) 100vw, (min-width: 916px) 310px, (min-width: 824px) 414px, (min-width: 732px) 621px, (min-width: 640px) 732px, \" \/><\/a><\/div><\/div><\/li><li class=\"fusion-carousel-item\"><div class=\"fusion-carousel-item-wrapper\"><div class=\"fusion-image-wrapper hover-type-zoomin\"><a data-rel=\"iLightbox[image_carousel_1]\" data-title=\"FundacionMasLogo\" aria-label=\"FundacionMasLogo\" href=\"https:\/\/ramse.es\/wordpress\/wp-content\/uploads\/2024\/06\/FundacionMAS-logo-color-JPG.jpg\" target=\"_self\"><img decoding=\"async\" width=\"1336\" height=\"476\" src=\"https:\/\/ramse.es\/wordpress\/wp-content\/uploads\/2024\/06\/FundacionMAS-logo-color-JPG.jpg\" class=\"attachment-full size-full\" alt=\"\" srcset=\"https:\/\/ramse.es\/wordpress\/wp-content\/uploads\/2024\/06\/FundacionMAS-logo-color-JPG-200x71.jpg 200w, https:\/\/ramse.es\/wordpress\/wp-content\/uploads\/2024\/06\/FundacionMAS-logo-color-JPG-400x143.jpg 400w, https:\/\/ramse.es\/wordpress\/wp-content\/uploads\/2024\/06\/FundacionMAS-logo-color-JPG-600x214.jpg 600w, https:\/\/ramse.es\/wordpress\/wp-content\/uploads\/2024\/06\/FundacionMAS-logo-color-JPG-800x285.jpg 800w, https:\/\/ramse.es\/wordpress\/wp-content\/uploads\/2024\/06\/FundacionMAS-logo-color-JPG-1200x428.jpg 1200w, https:\/\/ramse.es\/wordpress\/wp-content\/uploads\/2024\/06\/FundacionMAS-logo-color-JPG.jpg 1336w\" sizes=\"(min-width: 2200px) 100vw, (min-width: 916px) 310px, (min-width: 824px) 414px, (min-width: 732px) 621px, (min-width: 640px) 732px, \" \/><\/a><\/div><\/div><\/li><\/ul><div class=\"fusion-carousel-nav\"><span class=\"fusion-nav-prev\"><\/span><span class=\"fusion-nav-next\"><\/span><\/div><\/div><\/div><\/div><div class=\"fusion-clearfix\"><\/div><\/div><\/div><\/div><\/div><\/p>\n","protected":false},"excerpt":{"rendered":"","protected":false},"author":3,"featured_media":0,"parent":0,"menu_order":0,"comment_status":"closed","ping_status":"closed","template":"100-width.php","meta":{"_monsterinsights_skip_tracking":false,"_monsterinsights_sitenote_active":false,"_monsterinsights_sitenote_note":"","_monsterinsights_sitenote_category":0,"footnotes":""},"class_list":["post-2711","page","type-page","status-publish","hentry"],"_links":{"self":[{"href":"https:\/\/ramse.es\/wordpress\/wp-json\/wp\/v2\/pages\/2711","targetHints":{"allow":["GET"]}}],"collection":[{"href":"https:\/\/ramse.es\/wordpress\/wp-json\/wp\/v2\/pages"}],"about":[{"href":"https:\/\/ramse.es\/wordpress\/wp-json\/wp\/v2\/types\/page"}],"author":[{"embeddable":true,"href":"https:\/\/ramse.es\/wordpress\/wp-json\/wp\/v2\/users\/3"}],"replies":[{"embeddable":true,"href":"https:\/\/ramse.es\/wordpress\/wp-json\/wp\/v2\/comments?post=2711"}],"version-history":[{"count":17,"href":"https:\/\/ramse.es\/wordpress\/wp-json\/wp\/v2\/pages\/2711\/revisions"}],"predecessor-version":[{"id":5594,"href":"https:\/\/ramse.es\/wordpress\/wp-json\/wp\/v2\/pages\/2711\/revisions\/5594"}],"wp:attachment":[{"href":"https:\/\/ramse.es\/wordpress\/wp-json\/wp\/v2\/media?parent=2711"}],"curies":[{"name":"wp","href":"https:\/\/api.w.org\/{rel}","templated":true}]}}