{"id":2428,"date":"2020-04-08T19:00:20","date_gmt":"2020-04-08T19:00:20","guid":{"rendered":"https:\/\/ramse.es\/wordpress\/?page_id=2428"},"modified":"2024-03-25T14:18:24","modified_gmt":"2024-03-25T12:18:24","slug":"noticias","status":"publish","type":"page","link":"https:\/\/ramse.es\/wordpress\/noticias\/","title":{"rendered":"Noticias"},"content":{"rendered":"<div class=\"fusion-fullwidth fullwidth-box fusion-builder-row-1 nonhundred-percent-fullwidth non-hundred-percent-height-scrolling fusion-equal-height-columns\" style=\"background-color: #faf9f8;background-position: left top;background-repeat: no-repeat;padding-top:90px;padding-right:0px;padding-bottom:30px;padding-left:0px;margin-bottom: 0px;margin-top: 0px;border-width: 0px 0px 0px 0px;border-color:#e7e4e2;border-style:solid;\" ><div class=\"fusion-builder-row fusion-row\"><div class=\"fusion-layout-column fusion_builder_column fusion-builder-column-0 fusion_builder_column_1_6 1_6 fusion-one-sixth fusion-column-first fusion-no-small-visibility\" style=\"width:13.3333%; margin-right: 4%;margin-top:10px;margin-bottom:10px;\"><div class=\"fusion-column-wrapper fusion-flex-column-wrapper-legacy\" style=\"background-position:left top;background-repeat:no-repeat;-webkit-background-size:cover;-moz-background-size:cover;-o-background-size:cover;background-size:cover;padding: 0px 0px 0px 0px;\"><div class=\"fusion-clearfix\"><\/div><\/div><\/div><div class=\"fusion-layout-column fusion_builder_column fusion-builder-column-1 fusion_builder_column_2_3 2_3 fusion-two-third\" style=\"width:65.3333%; margin-right: 4%;margin-top:10px;margin-bottom:3%;\"><div class=\"fusion-column-wrapper fusion-flex-column-wrapper-legacy\" style=\"background-position:left top;background-repeat:no-repeat;-webkit-background-size:cover;-moz-background-size:cover;-o-background-size:cover;background-size:cover;padding: 0px 0px 0px 0px;\"><div class=\"fusion-recent-posts fusion-recent-posts-1 avada-container layout-date-on-side layout-columns-2\"><section class=\"fusion-columns columns fusion-columns-2 columns-2\"><article class=\"post fusion-column column col col-lg-6 col-md-6 col-sm-6 fusion-animated\" data-animationType=\"fadeInLeft\" data-animationDuration=\"0.3\" data-animationOffset=\"top-into-view\"><div class=\"fusion-date-and-formats\"><div class=\"fusion-date-box updated\"><span class=\"fusion-date\">marzo<\/span><span class=\"fusion-month-year\">4:35 pm<\/span><\/div><div class=\"fusion-format-box\"><i class=\"awb-icon-pen\" aria-hidden=\"true\"><\/i><\/div><\/div><div class=\"recent-posts-content\"><span class=\"vcard\" style=\"display: none;\"><span class=\"fn\"><a href=\"https:\/\/ramse.es\/wordpress\/author\/prensa\/\" title=\"Entradas de Mar\u00eda\" rel=\"author\">Mar\u00eda<\/a><\/span><\/span><span class=\"updated\" style=\"display:none;\">2026-03-27T16:36:36+02:00<\/span><h4 class=\"entry-title\"><a href=\"https:\/\/ramse.es\/wordpress\/la-real-academia-de-medicina-y-cirugia-de-sevilla-acoge-la-conferencia-muface-pasado-y-futuro-de-su-modelo-de-gestion-sanitaria\/\">La RAMSE acoge la conferencia \u201cMUFACE: pasado y futuro de su modelo de gesti\u00f3n sanitaria\u201d<\/a><\/h4><p class=\"meta\"><span class=\"vcard\" style=\"display: none;\"><span class=\"fn\"><a href=\"https:\/\/ramse.es\/wordpress\/author\/prensa\/\" title=\"Entradas de Mar\u00eda\" rel=\"author\">Mar\u00eda<\/a><\/span><\/span><span class=\"updated\" style=\"display:none;\">2026-03-27T16:36:36+02:00<\/span><\/p><\/div><\/article><article class=\"post fusion-column column col col-lg-6 col-md-6 col-sm-6 fusion-animated\" data-animationType=\"fadeInLeft\" data-animationDuration=\"0.3\" data-animationOffset=\"top-into-view\"><div class=\"fusion-date-and-formats\"><div class=\"fusion-date-box updated\"><span class=\"fusion-date\">marzo<\/span><span class=\"fusion-month-year\">10:07 am<\/span><\/div><div class=\"fusion-format-box\"><i class=\"awb-icon-pen\" aria-hidden=\"true\"><\/i><\/div><\/div><div class=\"recent-posts-content\"><span class=\"vcard\" style=\"display: none;\"><span class=\"fn\"><a href=\"https:\/\/ramse.es\/wordpress\/author\/prensa\/\" title=\"Entradas de Mar\u00eda\" rel=\"author\">Mar\u00eda<\/a><\/span><\/span><span class=\"updated\" style=\"display:none;\">2026-03-23T11:44:01+02:00<\/span><h4 class=\"entry-title\"><a href=\"https:\/\/ramse.es\/wordpress\/presentacion-del-libro-contribuciones-de-la-medicina-espanola-al-mundo\/\">Presentaci\u00f3n del libro: \u2018Contribuciones de la medicina espa\u00f1ola al mundo\u2019<\/a><\/h4><p class=\"meta\"><span class=\"vcard\" style=\"display: none;\"><span class=\"fn\"><a href=\"https:\/\/ramse.es\/wordpress\/author\/prensa\/\" title=\"Entradas de Mar\u00eda\" rel=\"author\">Mar\u00eda<\/a><\/span><\/span><span class=\"updated\" style=\"display:none;\">2026-03-23T11:44:01+02:00<\/span><\/p><\/div><\/article><article class=\"post fusion-column column col col-lg-6 col-md-6 col-sm-6 fusion-animated\" data-animationType=\"fadeInLeft\" data-animationDuration=\"0.3\" data-animationOffset=\"top-into-view\"><div class=\"fusion-date-and-formats\"><div class=\"fusion-date-box updated\"><span class=\"fusion-date\">marzo<\/span><span class=\"fusion-month-year\">7:03 pm<\/span><\/div><div class=\"fusion-format-box\"><i class=\"awb-icon-pen\" aria-hidden=\"true\"><\/i><\/div><\/div><div class=\"recent-posts-content\"><span class=\"vcard\" style=\"display: none;\"><span class=\"fn\"><a href=\"https:\/\/ramse.es\/wordpress\/author\/prensa\/\" title=\"Entradas de Mar\u00eda\" rel=\"author\">Mar\u00eda<\/a><\/span><\/span><span class=\"updated\" style=\"display:none;\">2026-03-13T19:03:32+02:00<\/span><h4 class=\"entry-title\"><a href=\"https:\/\/ramse.es\/wordpress\/la-dra-blanca-loscertales-y-el-dr-angel-chimenea-nuevos-academicos-correspondiente-de-la-ramse\/\">La Dra, Blanca Loscertales y el Dr. \u00c1ngel Chimenea, nuevos Acad\u00e9micos Correspondiente de la RAMSE<\/a><\/h4><p class=\"meta\"><span class=\"vcard\" style=\"display: none;\"><span class=\"fn\"><a href=\"https:\/\/ramse.es\/wordpress\/author\/prensa\/\" title=\"Entradas de Mar\u00eda\" rel=\"author\">Mar\u00eda<\/a><\/span><\/span><span class=\"updated\" style=\"display:none;\">2026-03-13T19:03:32+02:00<\/span><\/p><\/div><\/article><article class=\"post fusion-column column col col-lg-6 col-md-6 col-sm-6 fusion-animated\" data-animationType=\"fadeInLeft\" data-animationDuration=\"0.3\" data-animationOffset=\"top-into-view\"><div class=\"fusion-date-and-formats\"><div class=\"fusion-date-box updated\"><span class=\"fusion-date\">marzo<\/span><span class=\"fusion-month-year\">8:58 pm<\/span><\/div><div class=\"fusion-format-box\"><i class=\"awb-icon-pen\" aria-hidden=\"true\"><\/i><\/div><\/div><div class=\"recent-posts-content\"><span class=\"vcard\" style=\"display: none;\"><span class=\"fn\"><a href=\"https:\/\/ramse.es\/wordpress\/author\/prensa\/\" title=\"Entradas de Mar\u00eda\" rel=\"author\">Mar\u00eda<\/a><\/span><\/span><span class=\"updated\" style=\"display:none;\">2026-03-22T23:07:10+02:00<\/span><h4 class=\"entry-title\"><a href=\"https:\/\/ramse.es\/wordpress\/la-doctora-raquel-barrio-castellanos-presenta-en-sevilla-los-avances-de-la-diabetes-tipo-1-del-control-a-la-prevencion\/\">La doctora Raquel Barrio Castellanos presenta en Sevilla los avances de la diabetes tipo 1: del control a la prevenci\u00f3n<\/a><\/h4><p class=\"meta\"><span class=\"vcard\" style=\"display: none;\"><span class=\"fn\"><a href=\"https:\/\/ramse.es\/wordpress\/author\/prensa\/\" title=\"Entradas de Mar\u00eda\" rel=\"author\">Mar\u00eda<\/a><\/span><\/span><span class=\"updated\" style=\"display:none;\">2026-03-22T23:07:10+02:00<\/span><\/p><\/div><\/article><article class=\"post fusion-column column col col-lg-6 col-md-6 col-sm-6 fusion-animated\" data-animationType=\"fadeInLeft\" data-animationDuration=\"0.3\" data-animationOffset=\"top-into-view\"><div class=\"fusion-date-and-formats\"><div class=\"fusion-date-box updated\"><span class=\"fusion-date\">marzo<\/span><span class=\"fusion-month-year\">2:43 pm<\/span><\/div><div class=\"fusion-format-box\"><i class=\"awb-icon-pen\" aria-hidden=\"true\"><\/i><\/div><\/div><div class=\"recent-posts-content\"><span class=\"vcard\" style=\"display: none;\"><span class=\"fn\"><a href=\"https:\/\/ramse.es\/wordpress\/author\/prensa\/\" title=\"Entradas de Mar\u00eda\" rel=\"author\">Mar\u00eda<\/a><\/span><\/span><span class=\"updated\" style=\"display:none;\">2026-03-06T14:45:20+02:00<\/span><h4 class=\"entry-title\"><a href=\"https:\/\/ramse.es\/wordpress\/buzon-academico\/\">Buz\u00f3n Acad\u00e9mico: Pervivencia de la Academia<\/a><\/h4><p class=\"meta\"><span class=\"vcard\" style=\"display: none;\"><span class=\"fn\"><a href=\"https:\/\/ramse.es\/wordpress\/author\/prensa\/\" title=\"Entradas de Mar\u00eda\" rel=\"author\">Mar\u00eda<\/a><\/span><\/span><span class=\"updated\" style=\"display:none;\">2026-03-06T14:45:20+02:00<\/span><\/p><\/div><\/article><article class=\"post fusion-column column col col-lg-6 col-md-6 col-sm-6 fusion-animated\" data-animationType=\"fadeInLeft\" data-animationDuration=\"0.3\" data-animationOffset=\"top-into-view\"><div class=\"fusion-date-and-formats\"><div class=\"fusion-date-box updated\"><span class=\"fusion-date\">marzo<\/span><span class=\"fusion-month-year\">2:41 pm<\/span><\/div><div class=\"fusion-format-box\"><i class=\"awb-icon-pen\" aria-hidden=\"true\"><\/i><\/div><\/div><div class=\"recent-posts-content\"><span class=\"vcard\" style=\"display: none;\"><span class=\"fn\"><a href=\"https:\/\/ramse.es\/wordpress\/author\/prensa\/\" title=\"Entradas de Mar\u00eda\" rel=\"author\">Mar\u00eda<\/a><\/span><\/span><span class=\"updated\" style=\"display:none;\">2026-03-06T14:45:45+02:00<\/span><h4 class=\"entry-title\"><a href=\"https:\/\/ramse.es\/wordpress\/buzon-academico-ejemplaridad-academica\/\">Buz\u00f3n Acad\u00e9mico: Ejemplaridad acad\u00e9mica<\/a><\/h4><p class=\"meta\"><span class=\"vcard\" style=\"display: none;\"><span class=\"fn\"><a href=\"https:\/\/ramse.es\/wordpress\/author\/prensa\/\" title=\"Entradas de Mar\u00eda\" rel=\"author\">Mar\u00eda<\/a><\/span><\/span><span class=\"updated\" style=\"display:none;\">2026-03-06T14:45:45+02:00<\/span><\/p><\/div><\/article><article class=\"post fusion-column column col col-lg-6 col-md-6 col-sm-6 fusion-animated\" data-animationType=\"fadeInLeft\" data-animationDuration=\"0.3\" data-animationOffset=\"top-into-view\"><div class=\"fusion-date-and-formats\"><div class=\"fusion-date-box updated\"><span class=\"fusion-date\">marzo<\/span><span class=\"fusion-month-year\">2:37 pm<\/span><\/div><div class=\"fusion-format-box\"><i class=\"awb-icon-pen\" aria-hidden=\"true\"><\/i><\/div><\/div><div class=\"recent-posts-content\"><span class=\"vcard\" style=\"display: none;\"><span class=\"fn\"><a href=\"https:\/\/ramse.es\/wordpress\/author\/prensa\/\" title=\"Entradas de Mar\u00eda\" rel=\"author\">Mar\u00eda<\/a><\/span><\/span><span class=\"updated\" style=\"display:none;\">2026-03-06T14:41:46+02:00<\/span><h4 class=\"entry-title\"><a href=\"https:\/\/ramse.es\/wordpress\/hacer-academia\/\">Buz\u00f3n Acad\u00e9mico: Hacer Academia<\/a><\/h4><p class=\"meta\"><span class=\"vcard\" style=\"display: none;\"><span class=\"fn\"><a href=\"https:\/\/ramse.es\/wordpress\/author\/prensa\/\" title=\"Entradas de Mar\u00eda\" rel=\"author\">Mar\u00eda<\/a><\/span><\/span><span class=\"updated\" style=\"display:none;\">2026-03-06T14:41:46+02:00<\/span><\/p><\/div><\/article><article class=\"post fusion-column column col col-lg-6 col-md-6 col-sm-6 fusion-animated\" data-animationType=\"fadeInLeft\" data-animationDuration=\"0.3\" data-animationOffset=\"top-into-view\"><div class=\"fusion-date-and-formats\"><div class=\"fusion-date-box updated\"><span class=\"fusion-date\">marzo<\/span><span class=\"fusion-month-year\">2:31 pm<\/span><\/div><div class=\"fusion-format-box\"><i class=\"awb-icon-pen\" aria-hidden=\"true\"><\/i><\/div><\/div><div class=\"recent-posts-content\"><span class=\"vcard\" style=\"display: none;\"><span class=\"fn\"><a href=\"https:\/\/ramse.es\/wordpress\/author\/prensa\/\" title=\"Entradas de Mar\u00eda\" rel=\"author\">Mar\u00eda<\/a><\/span><\/span><span class=\"updated\" style=\"display:none;\">2026-03-06T14:46:28+02:00<\/span><h4 class=\"entry-title\"><a href=\"https:\/\/ramse.es\/wordpress\/repensando-el-apego-a-la-academia\/\">Buz\u00f3n Acad\u00e9mico: Repensando el apego a la Academia<\/a><\/h4><p class=\"meta\"><span class=\"vcard\" style=\"display: none;\"><span class=\"fn\"><a href=\"https:\/\/ramse.es\/wordpress\/author\/prensa\/\" title=\"Entradas de Mar\u00eda\" rel=\"author\">Mar\u00eda<\/a><\/span><\/span><span class=\"updated\" style=\"display:none;\">2026-03-06T14:46:28+02:00<\/span><\/p><\/div><\/article><article class=\"post fusion-column column col col-lg-6 col-md-6 col-sm-6 fusion-animated\" data-animationType=\"fadeInLeft\" data-animationDuration=\"0.3\" data-animationOffset=\"top-into-view\"><div class=\"fusion-date-and-formats\"><div class=\"fusion-date-box updated\"><span class=\"fusion-date\">marzo<\/span><span class=\"fusion-month-year\">5:20 pm<\/span><\/div><div class=\"fusion-format-box\"><i class=\"awb-icon-pen\" aria-hidden=\"true\"><\/i><\/div><\/div><div class=\"recent-posts-content\"><span class=\"vcard\" style=\"display: none;\"><span class=\"fn\"><a href=\"https:\/\/ramse.es\/wordpress\/author\/prensa\/\" title=\"Entradas de Mar\u00eda\" rel=\"author\">Mar\u00eda<\/a><\/span><\/span><span class=\"updated\" style=\"display:none;\">2026-03-04T17:20:23+02:00<\/span><h4 class=\"entry-title\"><a href=\"https:\/\/ramse.es\/wordpress\/la-obesidad-crece-en-sevilla-y-ya-supera-el-35-de-la-poblacion\/\">La obesidad crece en Sevilla y ya supera el 35% de la poblaci\u00f3n<\/a><\/h4><p class=\"meta\"><span class=\"vcard\" style=\"display: none;\"><span class=\"fn\"><a href=\"https:\/\/ramse.es\/wordpress\/author\/prensa\/\" title=\"Entradas de Mar\u00eda\" rel=\"author\">Mar\u00eda<\/a><\/span><\/span><span class=\"updated\" style=\"display:none;\">2026-03-04T17:20:23+02:00<\/span><\/p><\/div><\/article><article class=\"post fusion-column column col col-lg-6 col-md-6 col-sm-6 fusion-animated\" data-animationType=\"fadeInLeft\" data-animationDuration=\"0.3\" data-animationOffset=\"top-into-view\"><div class=\"fusion-date-and-formats\"><div class=\"fusion-date-box updated\"><span class=\"fusion-date\">marzo<\/span><span class=\"fusion-month-year\">3:17 pm<\/span><\/div><div class=\"fusion-format-box\"><i class=\"awb-icon-pen\" aria-hidden=\"true\"><\/i><\/div><\/div><div class=\"recent-posts-content\"><span class=\"vcard\" style=\"display: none;\"><span class=\"fn\"><a href=\"https:\/\/ramse.es\/wordpress\/author\/prensa\/\" title=\"Entradas de Mar\u00eda\" rel=\"author\">Mar\u00eda<\/a><\/span><\/span><span class=\"updated\" style=\"display:none;\">2026-03-03T15:18:03+02:00<\/span><h4 class=\"entry-title\"><a href=\"https:\/\/ramse.es\/wordpress\/buzon-academico-cifra-de-donantes-fallecidos-de-organos\/\">Buz\u00f3n Acad\u00e9mico: Cifra de donantes fallecidos de \u00f3rganos<\/a><\/h4><p class=\"meta\"><span class=\"vcard\" style=\"display: none;\"><span class=\"fn\"><a href=\"https:\/\/ramse.es\/wordpress\/author\/prensa\/\" title=\"Entradas de Mar\u00eda\" rel=\"author\">Mar\u00eda<\/a><\/span><\/span><span class=\"updated\" style=\"display:none;\">2026-03-03T15:18:03+02:00<\/span><\/p><\/div><\/article><\/section><div class=\"pagination clearfix\"><span class=\"current\">1<\/span><a href=\"https:\/\/ramse.es\/wordpress\/wp-json\/wp\/v2\/pages\/2428\/page\/2\/\" class=\"inactive\">2<\/a><a class=\"pagination-next\" rel=\"next\" href=\"https:\/\/ramse.es\/wordpress\/wp-json\/wp\/v2\/pages\/2428\/page\/2\/\"><span class=\"page-text\">Siguiente<\/span><span class=\"page-next\"><\/span><\/a><\/div><div class=\"fusion-clearfix\"><\/div><\/div><div class=\"fusion-clearfix\"><\/div><\/div><\/div><div class=\"fusion-layout-column fusion_builder_column fusion-builder-column-2 fusion_builder_column_1_6 1_6 fusion-one-sixth fusion-column-last fusion-no-small-visibility\" style=\"width:13.3333%;margin-top:10px;margin-bottom:10px;\"><div class=\"fusion-column-wrapper fusion-flex-column-wrapper-legacy\" style=\"background-position:left top;background-repeat:no-repeat;-webkit-background-size:cover;-moz-background-size:cover;-o-background-size:cover;background-size:cover;padding: 0px 0px 0px 0px;\"><div class=\"fusion-clearfix\"><\/div><\/div><\/div><\/div><\/div>\n","protected":false},"excerpt":{"rendered":"","protected":false},"author":3,"featured_media":0,"parent":0,"menu_order":0,"comment_status":"closed","ping_status":"closed","template":"100-width.php","meta":{"_monsterinsights_skip_tracking":false,"_monsterinsights_sitenote_active":false,"_monsterinsights_sitenote_note":"","_monsterinsights_sitenote_category":0,"footnotes":""},"class_list":["post-2428","page","type-page","status-publish","hentry"],"_links":{"self":[{"href":"https:\/\/ramse.es\/wordpress\/wp-json\/wp\/v2\/pages\/2428","targetHints":{"allow":["GET"]}}],"collection":[{"href":"https:\/\/ramse.es\/wordpress\/wp-json\/wp\/v2\/pages"}],"about":[{"href":"https:\/\/ramse.es\/wordpress\/wp-json\/wp\/v2\/types\/page"}],"author":[{"embeddable":true,"href":"https:\/\/ramse.es\/wordpress\/wp-json\/wp\/v2\/users\/3"}],"replies":[{"embeddable":true,"href":"https:\/\/ramse.es\/wordpress\/wp-json\/wp\/v2\/comments?post=2428"}],"version-history":[{"count":20,"href":"https:\/\/ramse.es\/wordpress\/wp-json\/wp\/v2\/pages\/2428\/revisions"}],"predecessor-version":[{"id":4767,"href":"https:\/\/ramse.es\/wordpress\/wp-json\/wp\/v2\/pages\/2428\/revisions\/4767"}],"wp:attachment":[{"href":"https:\/\/ramse.es\/wordpress\/wp-json\/wp\/v2\/media?parent=2428"}],"curies":[{"name":"wp","href":"https:\/\/api.w.org\/{rel}","templated":true}]}}